{"id":68,"date":"2018-05-12T17:58:14","date_gmt":"2018-05-12T17:58:14","guid":{"rendered":"https:\/\/portulano.net\/?page_id=68"},"modified":"2021-07-07T11:27:52","modified_gmt":"2021-07-07T11:27:52","slug":"contacto","status":"publish","type":"page","link":"https:\/\/portulano.net\/?page_id=68","title":{"rendered":"Contacto"},"content":{"rendered":"<p>[et_pb_section fb_built=\u00bb1&#8243; _builder_version=\u00bb3.22&#8243; background_image=\u00bbhttps:\/\/portulano.net\/wp-content\/uploads\/2018\/05\/MENOSOPACIDAD.png\u00bb parallax=\u00bbon\u00bb][et_pb_row column_structure=\u00bb1_2,1_2&#8243; _builder_version=\u00bb3.25&#8243; background_size=\u00bbinitial\u00bb background_position=\u00bbtop_left\u00bb background_repeat=\u00bbrepeat\u00bb][et_pb_column type=\u00bb1_2&#8243; _builder_version=\u00bb3.25&#8243; custom_padding=\u00bb|||\u00bb custom_padding__hover=\u00bb|||\u00bb][et_pb_contact_form captcha=\u00bboff\u00bb email=\u00bbmedioambiente@portulano.net\u00bb title=\u00bbEnv\u00edanos un mensaje\u00bb success_message=\u00bbMuchas gracias por contactar con Portulano Medioambiente, te llamaremos lo antes posible.\u00bb _builder_version=\u00bb4.9.7&#8243; form_field_background_color=\u00bbrgba(0,0,0,0)\u00bb title_text_align=\u00bbleft\u00bb custom_button=\u00bbon\u00bb button_border_width=\u00bb1&#8243; button_border_radius=\u00bb1&#8243; button_use_icon=\u00bboff\u00bb text_orientation=\u00bbleft\u00bb border_width_all=\u00bb1px\u00bb border_color_all=\u00bb#858705&#8243; form_background_color=\u00bbrgba(0,0,0,0)\u00bb][et_pb_contact_field field_id=\u00bbName\u00bb field_title=\u00bbNombre\u00bb fullwidth_field=\u00bbon\u00bb _builder_version=\u00bb3.16&#8243; button_text_size__hover_enabled=\u00bboff\u00bb button_one_text_size__hover_enabled=\u00bboff\u00bb button_two_text_size__hover_enabled=\u00bboff\u00bb button_text_color__hover_enabled=\u00bboff\u00bb button_one_text_color__hover_enabled=\u00bboff\u00bb button_two_text_color__hover_enabled=\u00bboff\u00bb button_border_width__hover_enabled=\u00bboff\u00bb button_one_border_width__hover_enabled=\u00bboff\u00bb button_two_border_width__hover_enabled=\u00bboff\u00bb button_border_color__hover_enabled=\u00bboff\u00bb button_one_border_color__hover_enabled=\u00bboff\u00bb button_two_border_color__hover_enabled=\u00bboff\u00bb button_border_radius__hover_enabled=\u00bboff\u00bb button_one_border_radius__hover_enabled=\u00bboff\u00bb button_two_border_radius__hover_enabled=\u00bboff\u00bb button_letter_spacing__hover_enabled=\u00bboff\u00bb button_one_letter_spacing__hover_enabled=\u00bboff\u00bb button_two_letter_spacing__hover_enabled=\u00bboff\u00bb button_bg_color__hover_enabled=\u00bboff\u00bb button_one_bg_color__hover_enabled=\u00bboff\u00bb button_two_bg_color__hover_enabled=\u00bboff\u00bb][\/et_pb_contact_field][et_pb_contact_field field_id=\u00bbEmail\u00bb field_title=\u00bbDirecci\u00f3n de correo electr\u00f3nico\u00bb field_type=\u00bbemail\u00bb fullwidth_field=\u00bbon\u00bb _builder_version=\u00bb3.16&#8243; button_text_size__hover_enabled=\u00bboff\u00bb button_one_text_size__hover_enabled=\u00bboff\u00bb button_two_text_size__hover_enabled=\u00bboff\u00bb button_text_color__hover_enabled=\u00bboff\u00bb button_one_text_color__hover_enabled=\u00bboff\u00bb button_two_text_color__hover_enabled=\u00bboff\u00bb button_border_width__hover_enabled=\u00bboff\u00bb button_one_border_width__hover_enabled=\u00bboff\u00bb button_two_border_width__hover_enabled=\u00bboff\u00bb button_border_color__hover_enabled=\u00bboff\u00bb button_one_border_color__hover_enabled=\u00bboff\u00bb button_two_border_color__hover_enabled=\u00bboff\u00bb button_border_radius__hover_enabled=\u00bboff\u00bb button_one_border_radius__hover_enabled=\u00bboff\u00bb button_two_border_radius__hover_enabled=\u00bboff\u00bb button_letter_spacing__hover_enabled=\u00bboff\u00bb button_one_letter_spacing__hover_enabled=\u00bboff\u00bb button_two_letter_spacing__hover_enabled=\u00bboff\u00bb button_bg_color__hover_enabled=\u00bboff\u00bb button_one_bg_color__hover_enabled=\u00bboff\u00bb button_two_bg_color__hover_enabled=\u00bboff\u00bb][\/et_pb_contact_field][et_pb_contact_field field_id=\u00bbAsunto\u00bb field_title=\u00bbAsunto\u00bb fullwidth_field=\u00bbon\u00bb _builder_version=\u00bb3.16&#8243; button_text_size__hover_enabled=\u00bboff\u00bb button_one_text_size__hover_enabled=\u00bboff\u00bb button_two_text_size__hover_enabled=\u00bboff\u00bb button_text_color__hover_enabled=\u00bboff\u00bb button_one_text_color__hover_enabled=\u00bboff\u00bb button_two_text_color__hover_enabled=\u00bboff\u00bb button_border_width__hover_enabled=\u00bboff\u00bb button_one_border_width__hover_enabled=\u00bboff\u00bb button_two_border_width__hover_enabled=\u00bboff\u00bb button_border_color__hover_enabled=\u00bboff\u00bb button_one_border_color__hover_enabled=\u00bboff\u00bb button_two_border_color__hover_enabled=\u00bboff\u00bb button_border_radius__hover_enabled=\u00bboff\u00bb button_one_border_radius__hover_enabled=\u00bboff\u00bb button_two_border_radius__hover_enabled=\u00bboff\u00bb button_letter_spacing__hover_enabled=\u00bboff\u00bb button_one_letter_spacing__hover_enabled=\u00bboff\u00bb button_two_letter_spacing__hover_enabled=\u00bboff\u00bb button_bg_color__hover_enabled=\u00bboff\u00bb button_one_bg_color__hover_enabled=\u00bboff\u00bb button_two_bg_color__hover_enabled=\u00bboff\u00bb][\/et_pb_contact_field][et_pb_contact_field field_id=\u00bbMessage\u00bb field_title=\u00bbMensaje\u00bb field_type=\u00bbtext\u00bb fullwidth_field=\u00bbon\u00bb _builder_version=\u00bb3.16&#8243; button_text_size__hover_enabled=\u00bboff\u00bb button_one_text_size__hover_enabled=\u00bboff\u00bb button_two_text_size__hover_enabled=\u00bboff\u00bb button_text_color__hover_enabled=\u00bboff\u00bb button_one_text_color__hover_enabled=\u00bboff\u00bb button_two_text_color__hover_enabled=\u00bboff\u00bb button_border_width__hover_enabled=\u00bboff\u00bb button_one_border_width__hover_enabled=\u00bboff\u00bb button_two_border_width__hover_enabled=\u00bboff\u00bb button_border_color__hover_enabled=\u00bboff\u00bb button_one_border_color__hover_enabled=\u00bboff\u00bb button_two_border_color__hover_enabled=\u00bboff\u00bb button_border_radius__hover_enabled=\u00bboff\u00bb button_one_border_radius__hover_enabled=\u00bboff\u00bb button_two_border_radius__hover_enabled=\u00bboff\u00bb button_letter_spacing__hover_enabled=\u00bboff\u00bb button_one_letter_spacing__hover_enabled=\u00bboff\u00bb button_two_letter_spacing__hover_enabled=\u00bboff\u00bb button_bg_color__hover_enabled=\u00bboff\u00bb button_one_bg_color__hover_enabled=\u00bboff\u00bb button_two_bg_color__hover_enabled=\u00bboff\u00bb][\/et_pb_contact_field][et_pb_contact_field field_id=\u00bbPol\u00edtica_de_Privacidad\u00bb field_title=\u00bbPol\u00edtica de Privacidad\u00bb field_type=\u00bbcheckbox\u00bb checkbox_options=\u00bb%91{%22value%22:%22He le\u00eddo y acepto la Pol\u00edtica de Privacidad%22,%22checked%22:0,%22dragID%22:-1,%22link_url%22:%22https:\/\/portulano.net\/politica-de-privacidad\/%22}%93&#8243; fullwidth_field=\u00bbon\u00bb _builder_version=\u00bb4.9.7&#8243; _module_preset=\u00bbdefault\u00bb][\/et_pb_contact_field][\/et_pb_contact_form][\/et_pb_column][et_pb_column type=\u00bb1_2&#8243; _builder_version=\u00bb3.25&#8243; custom_padding=\u00bb|||\u00bb custom_padding__hover=\u00bb|||\u00bb][et_pb_text admin_label=\u00bbcontacto\u00bb _builder_version=\u00bb3.27.4&#8243;]<\/p>\n<h4 class=\"heading-primary mt-lg\"><\/h4>\n<h4 class=\"heading-primary mt-lg\">Informaci\u00f3n de contacto<\/h4>\n<p>&nbsp;<\/p>\n<p><img loading=\"lazy\" decoding=\"async\" class=\"wp-image-1767 alignleft\" src=\"http:\/\/www.clinicadentalvillar.es\/wp-content\/uploads\/2017\/09\/CASA.jpg\" sizes=\"(max-width: 17px) 100vw, 17px\" srcset=\"http:\/\/www.clinicadentalvillar.es\/wp-content\/uploads\/2017\/09\/CASA.jpg 225w, http:\/\/www.clinicadentalvillar.es\/wp-content\/uploads\/2017\/09\/CASA-150x150.jpg 150w\" alt=\"\" width=\"17\" height=\"17\" \/>C\/ R\u00edos Rosas 44-A, 6\u00aaA, 28003 Madrid<\/p>\n<p><img loading=\"lazy\" decoding=\"async\" class=\"alignnone wp-image-1773\" src=\"http:\/\/www.clinicadentalvillar.es\/wp-content\/uploads\/2017\/09\/telefono.jpg\" sizes=\"(max-width: 17px) 100vw, 17px\" srcset=\"http:\/\/www.clinicadentalvillar.es\/wp-content\/uploads\/2017\/09\/telefono.jpg 225w, http:\/\/www.clinicadentalvillar.es\/wp-content\/uploads\/2017\/09\/telefono-150x150.jpg 150w\" alt=\"\" width=\"17\" height=\"17\" \/>\u00a0 \u00a0 91 442 75 83<\/p>\n<p><img loading=\"lazy\" decoding=\"async\" class=\"alignnone wp-image-1770\" src=\"http:\/\/www.clinicadentalvillar.es\/wp-content\/uploads\/2017\/09\/MAIL.jpg\" sizes=\"(max-width: 17px) 100vw, 17px\" srcset=\"http:\/\/www.clinicadentalvillar.es\/wp-content\/uploads\/2017\/09\/MAIL.jpg 225w, http:\/\/www.clinicadentalvillar.es\/wp-content\/uploads\/2017\/09\/MAIL-150x150.jpg 150w\" alt=\"\" width=\"17\" height=\"17\" \/>\u00a0 \u00a0\u00a0<a href=\"mailto:medioambiente@portulano.net\"><span lang=\"ES\">medioambiente@portulano.net<\/span><\/a><\/p>\n<p>&nbsp;<br \/>\n[\/et_pb_text][et_pb_text admin_label=\u00bbDATOS\u00bb _builder_version=\u00bb3.27.4&#8243; text_font_size=\u00bb12px\u00bb]Los datos personales facilitados voluntariamente por usted, a trav\u00e9s del presente formulario web, ser\u00e1n tratados por PORTULANO MEDIAMBIENTE S.L. con la finalidad de atender su solicitud, consulta, queja o sugerencia, sin que se produzca comunicaciones o cesiones de datos y conservados durante los plazos necesarios para atender su solicitud. No se prev\u00e9n cesiones o comunicaciones de datos. Puede ejercer los derechos de acceso, rectificaci\u00f3n o supresi\u00f3n de sus datos dirigi\u00e9ndose a C\/ R\u00edos Rosas 44-A, 6\u00aaA, 28003 Madrid o el correo\u00a0<a href=\"medioambiente@portulano.net\"><span lang=\"ES\">medioambiente@portulano.net<\/span><\/a>. Para m\u00e1s informaci\u00f3n, puede consultar nuestra <a href=\"https:\/\/portulano.net\/politica-de-privacidad\/\">Pol\u00edtica de Privacidad.<\/a><\/p>\n<p><i><span lang=\"ES\">Ley Org\u00e1nica (ES) 3\/2018 del 5 de diciembre (LOPDGDD) de Protecci\u00f3n de datos y Garant\u00eda de derechos digitales.<\/span><\/i><br \/>\n[\/et_pb_text][\/et_pb_column][\/et_pb_row][et_pb_row _builder_version=\u00bb3.25&#8243; background_size=\u00bbinitial\u00bb background_position=\u00bbtop_left\u00bb background_repeat=\u00bbrepeat\u00bb][et_pb_column type=\u00bb4_4&#8243; _builder_version=\u00bb3.25&#8243; custom_padding=\u00bb|||\u00bb custom_padding__hover=\u00bb|||\u00bb][et_pb_text admin_label=\u00bbmapa\u00bb _builder_version=\u00bb3.27.4&#8243; text_orientation=\u00bbcenter\u00bb]<iframe loading=\"lazy\" style=\"border: 0;\" src=\"https:\/\/www.google.com\/maps\/embed?pb=!1m18!1m12!1m3!1d3036.51113850478!2d-3.696814874285154!3d40.44182260399317!2m3!1f0!2f0!3f0!3m2!1i1024!2i768!4f13.1!3m3!1m2!1s0xd4228f0dc432055%3A0x149c0074c707c0b6!2sCalle+de+R%C3%ADos+Rosas%2C+44A%2C+28003+Madrid!5e0!3m2!1ses!2ses!4v1527759098317\" width=\"800\" height=\"600\" frameborder=\"0\" allowfullscreen=\"allowfullscreen\"><\/iframe><br \/>\n[\/et_pb_text][\/et_pb_column][\/et_pb_row][\/et_pb_section]<\/p>\n","protected":false},"excerpt":{"rendered":"<p>Informaci\u00f3n de contacto &nbsp; C\/ R\u00edos Rosas 44-A, 6\u00aaA, 28003 Madrid \u00a0 \u00a0 91 442 75 83 \u00a0 \u00a0\u00a0medioambiente@portulano.net &nbsp; Los datos personales facilitados voluntariamente por usted, a trav\u00e9s del presente formulario web, ser\u00e1n tratados por PORTULANO MEDIAMBIENTE S.L. con la finalidad de atender su solicitud, consulta, queja o sugerencia, sin que se produzca comunicaciones [&hellip;]<\/p>\n","protected":false},"author":1,"featured_media":0,"parent":0,"menu_order":0,"comment_status":"closed","ping_status":"closed","template":"","meta":{"_et_pb_use_builder":"on","_et_pb_old_content":"","_et_gb_content_width":"","footnotes":""},"class_list":["post-68","page","type-page","status-publish","hentry"],"yoast_head":"<!-- This site is optimized with the Yoast SEO plugin v27.4 - https:\/\/yoast.com\/product\/yoast-seo-wordpress\/ -->\n<title>Contacto - Portulano<\/title>\n<meta name=\"description\" content=\"Ponte en contacto con nosotros\" \/>\n<meta name=\"robots\" content=\"index, follow, max-snippet:-1, max-image-preview:large, max-video-preview:-1\" \/>\n<link rel=\"canonical\" href=\"https:\/\/portulano.net\/?page_id=68\" \/>\n<meta property=\"og:locale\" content=\"es_ES\" \/>\n<meta property=\"og:type\" content=\"article\" \/>\n<meta property=\"og:title\" content=\"Contacto - Portulano\" \/>\n<meta property=\"og:description\" content=\"Ponte en contacto con nosotros\" \/>\n<meta property=\"og:url\" content=\"https:\/\/portulano.net\/?page_id=68\" \/>\n<meta property=\"og:site_name\" content=\"Portulano\" \/>\n<meta property=\"article:modified_time\" content=\"2021-07-07T11:27:52+00:00\" \/>\n<meta property=\"og:image\" content=\"http:\/\/www.clinicadentalvillar.es\/wp-content\/uploads\/2017\/09\/CASA.jpg\" \/>\n<meta name=\"twitter:card\" content=\"summary_large_image\" \/>\n<meta name=\"twitter:label1\" content=\"Tiempo de lectura\" \/>\n\t<meta name=\"twitter:data1\" content=\"5 minutos\" \/>\n<script type=\"application\/ld+json\" class=\"yoast-schema-graph\">{\"@context\":\"https:\\\/\\\/schema.org\",\"@graph\":[{\"@type\":\"WebPage\",\"@id\":\"https:\\\/\\\/portulano.net\\\/?page_id=68\",\"url\":\"https:\\\/\\\/portulano.net\\\/?page_id=68\",\"name\":\"Contacto - Portulano\",\"isPartOf\":{\"@id\":\"https:\\\/\\\/portulano.net\\\/#website\"},\"primaryImageOfPage\":{\"@id\":\"https:\\\/\\\/portulano.net\\\/?page_id=68#primaryimage\"},\"image\":{\"@id\":\"https:\\\/\\\/portulano.net\\\/?page_id=68#primaryimage\"},\"thumbnailUrl\":\"http:\\\/\\\/www.clinicadentalvillar.es\\\/wp-content\\\/uploads\\\/2017\\\/09\\\/CASA.jpg\",\"datePublished\":\"2018-05-12T17:58:14+00:00\",\"dateModified\":\"2021-07-07T11:27:52+00:00\",\"description\":\"Ponte en contacto con nosotros\",\"breadcrumb\":{\"@id\":\"https:\\\/\\\/portulano.net\\\/?page_id=68#breadcrumb\"},\"inLanguage\":\"es\",\"potentialAction\":[{\"@type\":\"ReadAction\",\"target\":[\"https:\\\/\\\/portulano.net\\\/?page_id=68\"]}]},{\"@type\":\"ImageObject\",\"inLanguage\":\"es\",\"@id\":\"https:\\\/\\\/portulano.net\\\/?page_id=68#primaryimage\",\"url\":\"http:\\\/\\\/www.clinicadentalvillar.es\\\/wp-content\\\/uploads\\\/2017\\\/09\\\/CASA.jpg\",\"contentUrl\":\"http:\\\/\\\/www.clinicadentalvillar.es\\\/wp-content\\\/uploads\\\/2017\\\/09\\\/CASA.jpg\"},{\"@type\":\"BreadcrumbList\",\"@id\":\"https:\\\/\\\/portulano.net\\\/?page_id=68#breadcrumb\",\"itemListElement\":[{\"@type\":\"ListItem\",\"position\":1,\"name\":\"Portada\",\"item\":\"https:\\\/\\\/portulano.net\\\/\"},{\"@type\":\"ListItem\",\"position\":2,\"name\":\"Contacto\"}]},{\"@type\":\"WebSite\",\"@id\":\"https:\\\/\\\/portulano.net\\\/#website\",\"url\":\"https:\\\/\\\/portulano.net\\\/\",\"name\":\"Portulano Medioambiente\",\"description\":\"Empresa de consultor\u00eda y auditor\u00eda ambiental\",\"publisher\":{\"@id\":\"https:\\\/\\\/portulano.net\\\/#organization\"},\"potentialAction\":[{\"@type\":\"SearchAction\",\"target\":{\"@type\":\"EntryPoint\",\"urlTemplate\":\"https:\\\/\\\/portulano.net\\\/?s={search_term_string}\"},\"query-input\":{\"@type\":\"PropertyValueSpecification\",\"valueRequired\":true,\"valueName\":\"search_term_string\"}}],\"inLanguage\":\"es\"},{\"@type\":\"Organization\",\"@id\":\"https:\\\/\\\/portulano.net\\\/#organization\",\"name\":\"PORTULANO MEDIOAMBIENTE\",\"url\":\"https:\\\/\\\/portulano.net\\\/\",\"logo\":{\"@type\":\"ImageObject\",\"inLanguage\":\"es\",\"@id\":\"https:\\\/\\\/portulano.net\\\/#\\\/schema\\\/logo\\\/image\\\/\",\"url\":\"https:\\\/\\\/portulano.net\\\/wp-content\\\/uploads\\\/2018\\\/05\\\/512.png\",\"contentUrl\":\"https:\\\/\\\/portulano.net\\\/wp-content\\\/uploads\\\/2018\\\/05\\\/512.png\",\"width\":512,\"height\":512,\"caption\":\"PORTULANO MEDIOAMBIENTE\"},\"image\":{\"@id\":\"https:\\\/\\\/portulano.net\\\/#\\\/schema\\\/logo\\\/image\\\/\"}}]}<\/script>\n<!-- \/ Yoast SEO plugin. -->","yoast_head_json":{"title":"Contacto - Portulano","description":"Ponte en contacto con nosotros","robots":{"index":"index","follow":"follow","max-snippet":"max-snippet:-1","max-image-preview":"max-image-preview:large","max-video-preview":"max-video-preview:-1"},"canonical":"https:\/\/portulano.net\/?page_id=68","og_locale":"es_ES","og_type":"article","og_title":"Contacto - Portulano","og_description":"Ponte en contacto con nosotros","og_url":"https:\/\/portulano.net\/?page_id=68","og_site_name":"Portulano","article_modified_time":"2021-07-07T11:27:52+00:00","og_image":[{"url":"http:\/\/www.clinicadentalvillar.es\/wp-content\/uploads\/2017\/09\/CASA.jpg","type":"","width":"","height":""}],"twitter_card":"summary_large_image","twitter_misc":{"Tiempo de lectura":"5 minutos"},"schema":{"@context":"https:\/\/schema.org","@graph":[{"@type":"WebPage","@id":"https:\/\/portulano.net\/?page_id=68","url":"https:\/\/portulano.net\/?page_id=68","name":"Contacto - Portulano","isPartOf":{"@id":"https:\/\/portulano.net\/#website"},"primaryImageOfPage":{"@id":"https:\/\/portulano.net\/?page_id=68#primaryimage"},"image":{"@id":"https:\/\/portulano.net\/?page_id=68#primaryimage"},"thumbnailUrl":"http:\/\/www.clinicadentalvillar.es\/wp-content\/uploads\/2017\/09\/CASA.jpg","datePublished":"2018-05-12T17:58:14+00:00","dateModified":"2021-07-07T11:27:52+00:00","description":"Ponte en contacto con nosotros","breadcrumb":{"@id":"https:\/\/portulano.net\/?page_id=68#breadcrumb"},"inLanguage":"es","potentialAction":[{"@type":"ReadAction","target":["https:\/\/portulano.net\/?page_id=68"]}]},{"@type":"ImageObject","inLanguage":"es","@id":"https:\/\/portulano.net\/?page_id=68#primaryimage","url":"http:\/\/www.clinicadentalvillar.es\/wp-content\/uploads\/2017\/09\/CASA.jpg","contentUrl":"http:\/\/www.clinicadentalvillar.es\/wp-content\/uploads\/2017\/09\/CASA.jpg"},{"@type":"BreadcrumbList","@id":"https:\/\/portulano.net\/?page_id=68#breadcrumb","itemListElement":[{"@type":"ListItem","position":1,"name":"Portada","item":"https:\/\/portulano.net\/"},{"@type":"ListItem","position":2,"name":"Contacto"}]},{"@type":"WebSite","@id":"https:\/\/portulano.net\/#website","url":"https:\/\/portulano.net\/","name":"Portulano Medioambiente","description":"Empresa de consultor\u00eda y auditor\u00eda ambiental","publisher":{"@id":"https:\/\/portulano.net\/#organization"},"potentialAction":[{"@type":"SearchAction","target":{"@type":"EntryPoint","urlTemplate":"https:\/\/portulano.net\/?s={search_term_string}"},"query-input":{"@type":"PropertyValueSpecification","valueRequired":true,"valueName":"search_term_string"}}],"inLanguage":"es"},{"@type":"Organization","@id":"https:\/\/portulano.net\/#organization","name":"PORTULANO MEDIOAMBIENTE","url":"https:\/\/portulano.net\/","logo":{"@type":"ImageObject","inLanguage":"es","@id":"https:\/\/portulano.net\/#\/schema\/logo\/image\/","url":"https:\/\/portulano.net\/wp-content\/uploads\/2018\/05\/512.png","contentUrl":"https:\/\/portulano.net\/wp-content\/uploads\/2018\/05\/512.png","width":512,"height":512,"caption":"PORTULANO MEDIOAMBIENTE"},"image":{"@id":"https:\/\/portulano.net\/#\/schema\/logo\/image\/"}}]}},"_links":{"self":[{"href":"https:\/\/portulano.net\/index.php?rest_route=\/wp\/v2\/pages\/68","targetHints":{"allow":["GET"]}}],"collection":[{"href":"https:\/\/portulano.net\/index.php?rest_route=\/wp\/v2\/pages"}],"about":[{"href":"https:\/\/portulano.net\/index.php?rest_route=\/wp\/v2\/types\/page"}],"author":[{"embeddable":true,"href":"https:\/\/portulano.net\/index.php?rest_route=\/wp\/v2\/users\/1"}],"replies":[{"embeddable":true,"href":"https:\/\/portulano.net\/index.php?rest_route=%2Fwp%2Fv2%2Fcomments&post=68"}],"version-history":[{"count":50,"href":"https:\/\/portulano.net\/index.php?rest_route=\/wp\/v2\/pages\/68\/revisions"}],"predecessor-version":[{"id":1154,"href":"https:\/\/portulano.net\/index.php?rest_route=\/wp\/v2\/pages\/68\/revisions\/1154"}],"wp:attachment":[{"href":"https:\/\/portulano.net\/index.php?rest_route=%2Fwp%2Fv2%2Fmedia&parent=68"}],"curies":[{"name":"wp","href":"https:\/\/api.w.org\/{rel}","templated":true}]}}