{"id":66,"date":"2018-05-12T17:58:02","date_gmt":"2018-05-12T17:58:02","guid":{"rendered":"https:\/\/portulano.net\/?page_id=66"},"modified":"2024-03-24T18:55:52","modified_gmt":"2024-03-24T18:55:52","slug":"acreditaciones","status":"publish","type":"page","link":"https:\/\/portulano.net\/?page_id=66","title":{"rendered":"Acreditaciones"},"content":{"rendered":"<p>[et_pb_section fb_built=\u00bb1&#8243; fullwidth=\u00bbon\u00bb _builder_version=\u00bb4.16&#8243; global_colors_info=\u00bb{}\u00bb][et_pb_fullwidth_image src=\u00bbhttps:\/\/portulano.net\/wp-content\/uploads\/2018\/06\/1-9.jpg\u00bb _builder_version=\u00bb4.16&#8243; global_colors_info=\u00bb{}\u00bb][\/et_pb_fullwidth_image][\/et_pb_section][et_pb_section fb_built=\u00bb1&#8243; _builder_version=\u00bb4.16&#8243; background_image=\u00bbhttps:\/\/portulano.net\/wp-content\/uploads\/2018\/05\/MENOSOPACIDAD.png\u00bb parallax=\u00bbon\u00bb global_colors_info=\u00bb{}\u00bb][et_pb_row _builder_version=\u00bb4.16&#8243; background_size=\u00bbinitial\u00bb background_position=\u00bbtop_left\u00bb background_repeat=\u00bbrepeat\u00bb global_colors_info=\u00bb{}\u00bb][et_pb_column type=\u00bb4_4&#8243; _builder_version=\u00bb4.16&#8243; custom_padding=\u00bb|||\u00bb global_colors_info=\u00bb{}\u00bb custom_padding__hover=\u00bb|||\u00bb][et_pb_text admin_label=\u00bbREPRO\u00bb _builder_version=\u00bb4.16&#8243; global_colors_info=\u00bb{}\u00bb]<\/p>\n<h2 class=\"mb-xl\" style=\"text-align: center;\" align=\"center\"><strong>Repro<\/strong><\/h2>\n<p style=\"text-align: center;\">Portulano Mediambiente S.L. est\u00e1 registrada en el Sistema de Clasificaci\u00f3n de Proveedores RePro.<\/p>\n<p>[\/et_pb_text][et_pb_image src=\u00bbhttps:\/\/portulano.net\/wp-content\/uploads\/2024\/03\/Certificado-REPRO_Portulano-Medioambiente-SL.pdf\u00bb align=\u00bbcenter\u00bb align_tablet=\u00bbcenter\u00bb align_last_edited=\u00bbon|desktop\u00bb _builder_version=\u00bb4.24.2&#8243; hover_enabled=\u00bb0&#8243; always_center_on_mobile=\u00bbon\u00bb global_colors_info=\u00bb{}\u00bb title_text=\u00bbCertificado REPRO_Portulano Medioambiente SL\u00bb sticky_enabled=\u00bb0&#8243; align_phone=\u00bbcenter\u00bb][\/et_pb_image][et_pb_text admin_label=\u00bbREPRO\u00bb _builder_version=\u00bb4.16&#8243; global_colors_info=\u00bb{}\u00bb]<\/p>\n<p style=\"text-align: center;\">Repro es el sistema de precalificaci\u00f3n del sector energ\u00e9tico\u00a0 utilizado en Sudam\u00e9rica y el Sur de Europa. Fundada en Espa\u00f1a por empresas del sector energ\u00e9tico que desean expandirse en el extranjero, la comunidad contin\u00faa respaldando a empresas multinacionales en la captaci\u00f3n y gesti\u00f3n de proveedores de alto rendimiento.<\/p>\n<p>[\/et_pb_text][\/et_pb_column][\/et_pb_row][et_pb_row _builder_version=\u00bb4.16&#8243; global_colors_info=\u00bb{}\u00bb][et_pb_column type=\u00bb4_4&#8243; _builder_version=\u00bb4.16&#8243; custom_padding=\u00bb|||\u00bb global_colors_info=\u00bb{}\u00bb custom_padding__hover=\u00bb|||\u00bb][et_pb_text admin_label=\u00bbISO\u00bb _builder_version=\u00bb4.16&#8243; global_colors_info=\u00bb{}\u00bb]<\/p>\n<h2 class=\"mb-xl\" style=\"text-align: center;\" align=\"center\"><strong>ISO 14001<\/strong><\/h2>\n<p style=\"text-align: center;\">ISO 14001 es una norma aceptada internacionalmente que establece c\u00f3mo implantar un sistema de gesti\u00f3n ambiental eficaz. La norma se ha concebido para gestionar el delicado equilibrio entre el mantenimiento de la rentabilidad y la reducci\u00f3n del impacto ambiental.<\/p>\n<p>[\/et_pb_text][et_pb_image src=\u00bbhttps:\/\/portulano.net\/wp-content\/uploads\/2018\/06\/1-1.png\u00bb align=\u00bbcenter\u00bb align_tablet=\u00bbcenter\u00bb align_last_edited=\u00bbon|desktop\u00bb _builder_version=\u00bb4.16&#8243; always_center_on_mobile=\u00bbon\u00bb global_colors_info=\u00bb{}\u00bb align_phone=\u00bbcenter\u00bb][\/et_pb_image][et_pb_text admin_label=\u00bbISO\u00bb _builder_version=\u00bb4.16&#8243; global_colors_info=\u00bb{}\u00bb]<\/p>\n<p style=\"text-align: center;\"><em>Beneficios de implementar el Sistema de Gesti\u00f3n Ambiental ISO 14001<\/em><\/p>\n<p style=\"text-align: center;\">Controlar eficientemente los recursos, consiguiendo un ahorro en el consumo de agua, energ\u00eda y materias primas, mejorando la eficiencia de los procesos productivos y reduciendo la cantidad de residuos generados.<\/p>\n<p style=\"text-align: center;\">Al ser una norma reconocida internacionalmente, permite la entrada a mercados internacionales por cumplir con los requisitos medioambientales est\u00e1ndares en el mundo.<\/p>\n<p style=\"text-align: center;\">El cumplimiento de requisitos de los clientes que exigen el cumplimiento medioambiental.<\/p>\n<p style=\"text-align: center;\">Reducir el riesgo de accidentes medioambientales.<\/p>\n<p style=\"text-align: center;\">El compromiso con el medio ambiente mejora la imagen de la empresa ante la sociedad y los consumidores.<\/p>\n<p style=\"text-align: center;\">Concienciar y motivar a los colaboradores y al entorno a proteger el medioambiente.<\/p>\n<p>[\/et_pb_text][et_pb_button button_url=\u00bbhttps:\/\/portulano.net\/wp-content\/uploads\/2024\/03\/14001-CAST-PORTULANO-MEDIOAMBIENTE_signed.pdf\u00bb button_text=\u00bbVer ISO\u00bb button_alignment=\u00bbcenter\u00bb admin_label=\u00bbBot\u00f3n ISO\u00bb _builder_version=\u00bb4.24.2&#8243; custom_button=\u00bbon\u00bb button_text_size=\u00bb16&#8243; button_border_width=\u00bb1&#8243; button_use_icon=\u00bboff\u00bb hover_enabled=\u00bb0&#8243; global_colors_info=\u00bb{}\u00bb button_text_size__hover_enabled=\u00bboff\u00bb button_one_text_size__hover_enabled=\u00bboff\u00bb button_two_text_size__hover_enabled=\u00bboff\u00bb button_text_color__hover_enabled=\u00bboff\u00bb button_one_text_color__hover_enabled=\u00bboff\u00bb button_two_text_color__hover_enabled=\u00bboff\u00bb button_border_width__hover_enabled=\u00bboff\u00bb button_one_border_width__hover_enabled=\u00bboff\u00bb button_two_border_width__hover_enabled=\u00bboff\u00bb button_border_color__hover_enabled=\u00bboff\u00bb button_one_border_color__hover_enabled=\u00bboff\u00bb button_two_border_color__hover_enabled=\u00bboff\u00bb button_border_radius__hover_enabled=\u00bboff\u00bb button_one_border_radius__hover_enabled=\u00bboff\u00bb button_two_border_radius__hover_enabled=\u00bboff\u00bb button_letter_spacing__hover_enabled=\u00bboff\u00bb button_one_letter_spacing__hover_enabled=\u00bboff\u00bb button_two_letter_spacing__hover_enabled=\u00bboff\u00bb button_bg_color__hover_enabled=\u00bboff\u00bb button_one_bg_color__hover_enabled=\u00bboff\u00bb button_two_bg_color__hover_enabled=\u00bboff\u00bb sticky_enabled=\u00bb0&#8243;][\/et_pb_button][\/et_pb_column][\/et_pb_row][\/et_pb_section]<\/p>\n","protected":false},"excerpt":{"rendered":"<p>Repro Portulano Mediambiente S.L. est\u00e1 registrada en el Sistema de Clasificaci\u00f3n de Proveedores RePro. Repro es el sistema de precalificaci\u00f3n del sector energ\u00e9tico\u00a0 utilizado en Sudam\u00e9rica y el Sur de Europa. Fundada en Espa\u00f1a por empresas del sector energ\u00e9tico que desean expandirse en el extranjero, la comunidad contin\u00faa respaldando a empresas multinacionales en la captaci\u00f3n [&hellip;]<\/p>\n","protected":false},"author":1,"featured_media":0,"parent":0,"menu_order":0,"comment_status":"closed","ping_status":"closed","template":"","meta":{"_et_pb_use_builder":"on","_et_pb_old_content":"","_et_gb_content_width":"","footnotes":""},"class_list":["post-66","page","type-page","status-publish","hentry"],"yoast_head":"<!-- This site is optimized with the Yoast SEO plugin v27.4 - https:\/\/yoast.com\/product\/yoast-seo-wordpress\/ -->\n<title>Acreditaciones - Portulano<\/title>\n<meta name=\"description\" content=\"Nuestras acreditaciones hablan por nosotros\" \/>\n<meta name=\"robots\" content=\"index, follow, max-snippet:-1, max-image-preview:large, max-video-preview:-1\" \/>\n<link rel=\"canonical\" href=\"https:\/\/portulano.net\/?page_id=66\" \/>\n<meta property=\"og:locale\" content=\"es_ES\" \/>\n<meta property=\"og:type\" content=\"article\" \/>\n<meta property=\"og:title\" content=\"Acreditaciones - Portulano\" \/>\n<meta property=\"og:description\" content=\"Nuestras acreditaciones hablan por nosotros\" \/>\n<meta property=\"og:url\" content=\"https:\/\/portulano.net\/?page_id=66\" \/>\n<meta property=\"og:site_name\" content=\"Portulano\" \/>\n<meta property=\"article:modified_time\" content=\"2024-03-24T18:55:52+00:00\" \/>\n<meta name=\"twitter:card\" content=\"summary_large_image\" \/>\n<meta name=\"twitter:label1\" content=\"Tiempo de lectura\" \/>\n\t<meta name=\"twitter:data1\" content=\"3 minutos\" \/>\n<script type=\"application\/ld+json\" class=\"yoast-schema-graph\">{\"@context\":\"https:\\\/\\\/schema.org\",\"@graph\":[{\"@type\":\"WebPage\",\"@id\":\"https:\\\/\\\/portulano.net\\\/?page_id=66\",\"url\":\"https:\\\/\\\/portulano.net\\\/?page_id=66\",\"name\":\"Acreditaciones - Portulano\",\"isPartOf\":{\"@id\":\"https:\\\/\\\/portulano.net\\\/#website\"},\"datePublished\":\"2018-05-12T17:58:02+00:00\",\"dateModified\":\"2024-03-24T18:55:52+00:00\",\"description\":\"Nuestras acreditaciones hablan por nosotros\",\"breadcrumb\":{\"@id\":\"https:\\\/\\\/portulano.net\\\/?page_id=66#breadcrumb\"},\"inLanguage\":\"es\",\"potentialAction\":[{\"@type\":\"ReadAction\",\"target\":[\"https:\\\/\\\/portulano.net\\\/?page_id=66\"]}]},{\"@type\":\"BreadcrumbList\",\"@id\":\"https:\\\/\\\/portulano.net\\\/?page_id=66#breadcrumb\",\"itemListElement\":[{\"@type\":\"ListItem\",\"position\":1,\"name\":\"Portada\",\"item\":\"https:\\\/\\\/portulano.net\\\/\"},{\"@type\":\"ListItem\",\"position\":2,\"name\":\"Acreditaciones\"}]},{\"@type\":\"WebSite\",\"@id\":\"https:\\\/\\\/portulano.net\\\/#website\",\"url\":\"https:\\\/\\\/portulano.net\\\/\",\"name\":\"Portulano Medioambiente\",\"description\":\"Empresa de consultor\u00eda y auditor\u00eda ambiental\",\"publisher\":{\"@id\":\"https:\\\/\\\/portulano.net\\\/#organization\"},\"potentialAction\":[{\"@type\":\"SearchAction\",\"target\":{\"@type\":\"EntryPoint\",\"urlTemplate\":\"https:\\\/\\\/portulano.net\\\/?s={search_term_string}\"},\"query-input\":{\"@type\":\"PropertyValueSpecification\",\"valueRequired\":true,\"valueName\":\"search_term_string\"}}],\"inLanguage\":\"es\"},{\"@type\":\"Organization\",\"@id\":\"https:\\\/\\\/portulano.net\\\/#organization\",\"name\":\"PORTULANO MEDIOAMBIENTE\",\"url\":\"https:\\\/\\\/portulano.net\\\/\",\"logo\":{\"@type\":\"ImageObject\",\"inLanguage\":\"es\",\"@id\":\"https:\\\/\\\/portulano.net\\\/#\\\/schema\\\/logo\\\/image\\\/\",\"url\":\"https:\\\/\\\/portulano.net\\\/wp-content\\\/uploads\\\/2018\\\/05\\\/512.png\",\"contentUrl\":\"https:\\\/\\\/portulano.net\\\/wp-content\\\/uploads\\\/2018\\\/05\\\/512.png\",\"width\":512,\"height\":512,\"caption\":\"PORTULANO MEDIOAMBIENTE\"},\"image\":{\"@id\":\"https:\\\/\\\/portulano.net\\\/#\\\/schema\\\/logo\\\/image\\\/\"}}]}<\/script>\n<!-- \/ Yoast SEO plugin. -->","yoast_head_json":{"title":"Acreditaciones - Portulano","description":"Nuestras acreditaciones hablan por nosotros","robots":{"index":"index","follow":"follow","max-snippet":"max-snippet:-1","max-image-preview":"max-image-preview:large","max-video-preview":"max-video-preview:-1"},"canonical":"https:\/\/portulano.net\/?page_id=66","og_locale":"es_ES","og_type":"article","og_title":"Acreditaciones - Portulano","og_description":"Nuestras acreditaciones hablan por nosotros","og_url":"https:\/\/portulano.net\/?page_id=66","og_site_name":"Portulano","article_modified_time":"2024-03-24T18:55:52+00:00","twitter_card":"summary_large_image","twitter_misc":{"Tiempo de lectura":"3 minutos"},"schema":{"@context":"https:\/\/schema.org","@graph":[{"@type":"WebPage","@id":"https:\/\/portulano.net\/?page_id=66","url":"https:\/\/portulano.net\/?page_id=66","name":"Acreditaciones - Portulano","isPartOf":{"@id":"https:\/\/portulano.net\/#website"},"datePublished":"2018-05-12T17:58:02+00:00","dateModified":"2024-03-24T18:55:52+00:00","description":"Nuestras acreditaciones hablan por nosotros","breadcrumb":{"@id":"https:\/\/portulano.net\/?page_id=66#breadcrumb"},"inLanguage":"es","potentialAction":[{"@type":"ReadAction","target":["https:\/\/portulano.net\/?page_id=66"]}]},{"@type":"BreadcrumbList","@id":"https:\/\/portulano.net\/?page_id=66#breadcrumb","itemListElement":[{"@type":"ListItem","position":1,"name":"Portada","item":"https:\/\/portulano.net\/"},{"@type":"ListItem","position":2,"name":"Acreditaciones"}]},{"@type":"WebSite","@id":"https:\/\/portulano.net\/#website","url":"https:\/\/portulano.net\/","name":"Portulano Medioambiente","description":"Empresa de consultor\u00eda y auditor\u00eda ambiental","publisher":{"@id":"https:\/\/portulano.net\/#organization"},"potentialAction":[{"@type":"SearchAction","target":{"@type":"EntryPoint","urlTemplate":"https:\/\/portulano.net\/?s={search_term_string}"},"query-input":{"@type":"PropertyValueSpecification","valueRequired":true,"valueName":"search_term_string"}}],"inLanguage":"es"},{"@type":"Organization","@id":"https:\/\/portulano.net\/#organization","name":"PORTULANO MEDIOAMBIENTE","url":"https:\/\/portulano.net\/","logo":{"@type":"ImageObject","inLanguage":"es","@id":"https:\/\/portulano.net\/#\/schema\/logo\/image\/","url":"https:\/\/portulano.net\/wp-content\/uploads\/2018\/05\/512.png","contentUrl":"https:\/\/portulano.net\/wp-content\/uploads\/2018\/05\/512.png","width":512,"height":512,"caption":"PORTULANO MEDIOAMBIENTE"},"image":{"@id":"https:\/\/portulano.net\/#\/schema\/logo\/image\/"}}]}},"_links":{"self":[{"href":"https:\/\/portulano.net\/index.php?rest_route=\/wp\/v2\/pages\/66","targetHints":{"allow":["GET"]}}],"collection":[{"href":"https:\/\/portulano.net\/index.php?rest_route=\/wp\/v2\/pages"}],"about":[{"href":"https:\/\/portulano.net\/index.php?rest_route=\/wp\/v2\/types\/page"}],"author":[{"embeddable":true,"href":"https:\/\/portulano.net\/index.php?rest_route=\/wp\/v2\/users\/1"}],"replies":[{"embeddable":true,"href":"https:\/\/portulano.net\/index.php?rest_route=%2Fwp%2Fv2%2Fcomments&post=66"}],"version-history":[{"count":32,"href":"https:\/\/portulano.net\/index.php?rest_route=\/wp\/v2\/pages\/66\/revisions"}],"predecessor-version":[{"id":1297,"href":"https:\/\/portulano.net\/index.php?rest_route=\/wp\/v2\/pages\/66\/revisions\/1297"}],"wp:attachment":[{"href":"https:\/\/portulano.net\/index.php?rest_route=%2Fwp%2Fv2%2Fmedia&parent=66"}],"curies":[{"name":"wp","href":"https:\/\/api.w.org\/{rel}","templated":true}]}}