{"id":60,"date":"2018-05-12T17:57:17","date_gmt":"2018-05-12T17:57:17","guid":{"rendered":"https:\/\/portulano.net\/?page_id=60"},"modified":"2021-05-04T10:25:53","modified_gmt":"2021-05-04T10:25:53","slug":"servicios","status":"publish","type":"page","link":"https:\/\/portulano.net\/?page_id=60","title":{"rendered":"Servicios"},"content":{"rendered":"<p>[et_pb_section fb_built=\u00bb1&#8243; fullwidth=\u00bbon\u00bb _builder_version=\u00bb3.22&#8243;][et_pb_fullwidth_image src=\u00bbhttps:\/\/portulano.net\/wp-content\/uploads\/2018\/06\/servicios.jpg\u00bb _builder_version=\u00bb3.0.95&#8243;][\/et_pb_fullwidth_image][\/et_pb_section][et_pb_section fb_built=\u00bb1&#8243; _builder_version=\u00bb3.22&#8243; background_image=\u00bbhttps:\/\/portulano.net\/wp-content\/uploads\/2018\/05\/MENOSOPACIDAD.png\u00bb parallax=\u00bbon\u00bb][et_pb_row _builder_version=\u00bb3.25&#8243; background_size=\u00bbinitial\u00bb background_position=\u00bbtop_left\u00bb background_repeat=\u00bbrepeat\u00bb column_structure=\u00bb1_3,1_3,1_3&#8243;][et_pb_column type=\u00bb1_3&#8243; _builder_version=\u00bb3.25&#8243; custom_padding=\u00bb|||\u00bb custom_padding__hover=\u00bb|||\u00bb][et_pb_text admin_label=\u00bbIMPACTO\u00bb _builder_version=\u00bb3.27.4&#8243; animation_style=\u00bbzoom\u00bb]<\/p>\n<blockquote>\n<p style=\"text-align: left;\"><strong>ESTUDIOS DE IMPACTO<\/strong><\/p>\n<\/blockquote>\n<p>[\/et_pb_text][et_pb_text admin_label=\u00bbIMPACTO\u00bb _builder_version=\u00bb3.27.4&#8243; animation_style=\u00bbzoom\u00bb]Procedimiento t\u00e9cnico-administrativo que sirve para identificar, evaluar y describir los impactos ambientales que producir\u00e1 un proyecto en su entorno en caso de ser ejecutado, todo ello con el fin de que la administraci\u00f3n competente pueda aceptarlo, rechazarlo o modificarlo.<br \/>\n[\/et_pb_text][\/et_pb_column][et_pb_column type=\u00bb1_3&#8243; _builder_version=\u00bb3.25&#8243; custom_padding=\u00bb|||\u00bb custom_padding__hover=\u00bb|||\u00bb][et_pb_text admin_label=\u00bbINVENTARIOS\u00bb _builder_version=\u00bb3.27.4&#8243; animation_style=\u00bbzoom\u00bb]<\/p>\n<blockquote>\n<p style=\"text-align: left;\"><strong>INVENTARIOS<\/strong><\/p>\n<\/blockquote>\n<p>[\/et_pb_text][et_pb_text admin_label=\u00bbINVENTARIOS\u00bb _builder_version=\u00bb3.27.4&#8243; animation_style=\u00bbzoom\u00bb]<\/p>\n<p style=\"text-align: left;\">Un buen inventario ambiental debe mostrar de forma comprensible las caracter\u00edsticas del medio receptor del proyecto, abordando las particularidades y singularidades del mismo en detalle, y ajustando su alcance y profundidad a las caracter\u00edsticas de la zona y del proyecto.<\/p>\n<p>[\/et_pb_text][\/et_pb_column][et_pb_column type=\u00bb1_3&#8243; _builder_version=\u00bb3.25&#8243; custom_padding=\u00bb|||\u00bb custom_padding__hover=\u00bb|||\u00bb][et_pb_text admin_label=\u00bbPLANES DE VIGILANCIA\u00bb _builder_version=\u00bb3.27.4&#8243; animation_style=\u00bbzoom\u00bb]<\/p>\n<blockquote>\n<p style=\"text-align: left;\"><strong>PLANES DE VIGILANCIA<\/strong><\/p>\n<\/blockquote>\n<p>[\/et_pb_text][et_pb_text admin_label=\u00bbPLANES DE VIGILANCIA\u00bb _builder_version=\u00bb3.27.4&#8243; animation_style=\u00bbzoom\u00bb]El plan de vigilancia ambiental,\u00a0tambi\u00e9n llamado\u00a0programa de vigilancia ambiental es un sistema que se establece para el estudio de impacto ambiental con la finalidad de garantizar que se cumplan algunas medidas correctivas y preventivas establecidas en el estudio.<br \/>\n[\/et_pb_text][\/et_pb_column][\/et_pb_row][et_pb_row _builder_version=\u00bb3.25&#8243; background_size=\u00bbinitial\u00bb background_position=\u00bbtop_left\u00bb background_repeat=\u00bbrepeat\u00bb][et_pb_column type=\u00bb4_4&#8243; _builder_version=\u00bb3.25&#8243; custom_padding=\u00bb|||\u00bb custom_padding__hover=\u00bb|||\u00bb][et_pb_button button_url=\u00bbhttps:\/\/portulano.net\/contacto\/\u00bb button_text=\u00bbInf\u00f3rmate \u00bb button_alignment=\u00bbcenter\u00bb _builder_version=\u00bb3.16&#8243; custom_button=\u00bbon\u00bb button_text_size=\u00bb18&#8243; button_border_width=\u00bb1&#8243; button_use_icon=\u00bboff\u00bb button_text_size__hover_enabled=\u00bboff\u00bb button_one_text_size__hover_enabled=\u00bboff\u00bb button_two_text_size__hover_enabled=\u00bboff\u00bb button_text_color__hover_enabled=\u00bboff\u00bb button_one_text_color__hover_enabled=\u00bboff\u00bb button_two_text_color__hover_enabled=\u00bboff\u00bb button_border_width__hover_enabled=\u00bboff\u00bb button_one_border_width__hover_enabled=\u00bboff\u00bb button_two_border_width__hover_enabled=\u00bboff\u00bb button_border_color__hover_enabled=\u00bboff\u00bb button_one_border_color__hover_enabled=\u00bboff\u00bb button_two_border_color__hover_enabled=\u00bboff\u00bb button_border_radius__hover_enabled=\u00bboff\u00bb button_one_border_radius__hover_enabled=\u00bboff\u00bb button_two_border_radius__hover_enabled=\u00bboff\u00bb button_letter_spacing__hover_enabled=\u00bboff\u00bb button_one_letter_spacing__hover_enabled=\u00bboff\u00bb button_two_letter_spacing__hover_enabled=\u00bboff\u00bb button_bg_color__hover_enabled=\u00bboff\u00bb button_one_bg_color__hover_enabled=\u00bboff\u00bb button_two_bg_color__hover_enabled=\u00bboff\u00bb][\/et_pb_button][\/et_pb_column][\/et_pb_row][\/et_pb_section][et_pb_section fb_built=\u00bb1&#8243; _builder_version=\u00bb3.22&#8243; background_image=\u00bbhttps:\/\/portulano.net\/wp-content\/uploads\/2018\/06\/alta-4.jpg\u00bb parallax=\u00bbon\u00bb][et_pb_row _builder_version=\u00bb3.25&#8243;][et_pb_column type=\u00bb4_4&#8243; _builder_version=\u00bb3.25&#8243; custom_padding=\u00bb|||\u00bb custom_padding__hover=\u00bb|||\u00bb][et_pb_text admin_label=\u00bbPARALAJE\u00bb _builder_version=\u00bb3.27.4&#8243; text_text_color=\u00bbrgba(0,0,0,0)\u00bb header_text_color=\u00bbrgba(0,0,0,0)\u00bb header_3_text_color=\u00bb#ffffff\u00bb header_4_text_color=\u00bb#ffffff\u00bb background_layout=\u00bbdark\u00bb]<\/p>\n<h4 style=\"text-align: center;\">Portulano Mediamente ofrece soluciones en el \u00e1mbito de gesti\u00f3n ambiental,<\/h4>\n<h4 style=\"text-align: center;\">y ofrece l\u00edneas de negocio innovadoras para el desarrollo de nuevos proyectos.<\/h4>\n<p>PORTULANO MEDIOAMBIENTE es una empresa de consultor\u00eda y auditor\u00eda ambiental, que nace en 2007 a partir de la sociedad Portulano Cartograf\u00eda para gestionar los diferentes proyectos de car\u00e1cter medioambiental realizados desde 1998.<\/p>\n<p>Durante todos estos a\u00f1os, hemos realizado y colaborado en un buen n\u00famero de trabajos de seguimiento ambiental: inventarios de fauna, estudios de impacto, control ac\u00fastico, informes geot\u00e9cnicos,&#8230;, para proyectos e\u00f3licos, hidr\u00e1ulicos, solares fotovolt\u00e1icos, termosolares,&#8230;, as\u00ed como l\u00edneas el\u00e9ctricas, ordenaci\u00f3n del territorio y planes de ordenaci\u00f3n urbana.<\/p>\n<p>PORTULANO MEDIOAMBIENTE es una empresa de consultor\u00eda y auditor\u00eda ambiental, que nace en 2007 a partir de la sociedad Portulano Cartograf\u00eda para gestionar los diferentes proyectos de car\u00e1cter medioambiental realizados desde 1998.<\/p>\n<p>Durante todos estos a\u00f1os, hemos realizado y colaborado en un buen n\u00famero de trabajos de seguimiento ambiental: inventarios de fauna, estudios de impacto, control ac\u00fastico, informes geot\u00e9cnicos,&#8230;, para proyectos e\u00f3licos, hidr\u00e1ulicos, solares fotovolt\u00e1icos, termosolares,&#8230;, as\u00ed como l\u00edneas el\u00e9ctricas, ordenaci\u00f3n del territorio y planes de ordenaci\u00f3n urbana.<br \/>\n[\/et_pb_text][\/et_pb_column][\/et_pb_row][\/et_pb_section][et_pb_section fb_built=\u00bb1&#8243; _builder_version=\u00bb3.22&#8243; background_image=\u00bbhttps:\/\/portulano.net\/wp-content\/uploads\/2018\/05\/MENOSOPACIDAD.png\u00bb parallax=\u00bbon\u00bb][et_pb_row _builder_version=\u00bb3.25&#8243; background_size=\u00bbinitial\u00bb background_position=\u00bbtop_left\u00bb background_repeat=\u00bbrepeat\u00bb column_structure=\u00bb1_2,1_2&#8243;][et_pb_column type=\u00bb1_2&#8243; _builder_version=\u00bb3.25&#8243; custom_padding=\u00bb|||\u00bb custom_padding__hover=\u00bb|||\u00bb][et_pb_text admin_label=\u00bbIMPACTO ORNITOL\u00d3GICO\u00bb _builder_version=\u00bb3.27.4&#8243; animation_style=\u00bbzoom\u00bb]<\/p>\n<blockquote>\n<p style=\"text-align: left;\"><strong>IMPACTO ORNITOL\u00d3GICO<\/strong><\/p>\n<\/blockquote>\n<p>[\/et_pb_text][et_pb_text admin_label=\u00bbIMPACTO ORNITOL\u00d3GICO\u00bb _builder_version=\u00bb3.27.4&#8243; animation_style=\u00bbzoom\u00bb]El estudio del medio ambiente est\u00e1 estrechamente relacionado con la ornitolog\u00eda. Ya sabemos del impacto que pueden causar cambios dr\u00e1sticos en la naturaleza y los ornit\u00f3logos tratan de remediar el problema antes que suceda.<br \/>\n[\/et_pb_text][\/et_pb_column][et_pb_column type=\u00bb1_2&#8243; _builder_version=\u00bb3.25&#8243; custom_padding=\u00bb|||\u00bb custom_padding__hover=\u00bb|||\u00bb][et_pb_text admin_label=\u00bbESTUDIOS DE SOSTENIBILIDAD\u00bb _builder_version=\u00bb3.27.4&#8243; animation_style=\u00bbzoom\u00bb]<\/p>\n<blockquote>\n<p style=\"text-align: left;\"><strong>ESTUDIOS DE SOSTENIBILIDAD<\/strong><\/p>\n<\/blockquote>\n<p>[\/et_pb_text][et_pb_text admin_label=\u00bbESTUDIOS DE SOSTENIBILIDAD\u00bb _builder_version=\u00bb3.27.4&#8243; animation_style=\u00bbzoom\u00bb]Nuestro equipo realiza completos estudios de sotenibilidad, que, en ocasiones requiere \u00a0estudios adicionales de diversa naturaleza: ac\u00fasticos, topogr\u00e1ficos, hidrol\u00f3gicos, de suelos,\u00a0 residuos, arqueol\u00f3gicos, de flora, fauna&#8230;seg\u00fan sea la naturaleza del proyecto a realizar.<br \/>\n[\/et_pb_text][\/et_pb_column][\/et_pb_row][et_pb_row _builder_version=\u00bb3.25&#8243; background_size=\u00bbinitial\u00bb background_position=\u00bbtop_left\u00bb background_repeat=\u00bbrepeat\u00bb][et_pb_column type=\u00bb4_4&#8243; _builder_version=\u00bb3.25&#8243; custom_padding=\u00bb|||\u00bb custom_padding__hover=\u00bb|||\u00bb][et_pb_button button_url=\u00bbhttps:\/\/portulano.net\/contacto\/\u00bb button_text=\u00bbInf\u00f3rmate \u00bb button_alignment=\u00bbcenter\u00bb _builder_version=\u00bb3.16&#8243; custom_button=\u00bbon\u00bb button_text_size=\u00bb18&#8243; button_border_width=\u00bb1&#8243; button_use_icon=\u00bboff\u00bb button_text_size__hover_enabled=\u00bboff\u00bb button_one_text_size__hover_enabled=\u00bboff\u00bb button_two_text_size__hover_enabled=\u00bboff\u00bb button_text_color__hover_enabled=\u00bboff\u00bb button_one_text_color__hover_enabled=\u00bboff\u00bb button_two_text_color__hover_enabled=\u00bboff\u00bb button_border_width__hover_enabled=\u00bboff\u00bb button_one_border_width__hover_enabled=\u00bboff\u00bb button_two_border_width__hover_enabled=\u00bboff\u00bb button_border_color__hover_enabled=\u00bboff\u00bb button_one_border_color__hover_enabled=\u00bboff\u00bb button_two_border_color__hover_enabled=\u00bboff\u00bb button_border_radius__hover_enabled=\u00bboff\u00bb button_one_border_radius__hover_enabled=\u00bboff\u00bb button_two_border_radius__hover_enabled=\u00bboff\u00bb button_letter_spacing__hover_enabled=\u00bboff\u00bb button_one_letter_spacing__hover_enabled=\u00bboff\u00bb button_two_letter_spacing__hover_enabled=\u00bboff\u00bb button_bg_color__hover_enabled=\u00bboff\u00bb button_one_bg_color__hover_enabled=\u00bboff\u00bb button_two_bg_color__hover_enabled=\u00bboff\u00bb][\/et_pb_button][\/et_pb_column][\/et_pb_row][\/et_pb_section]<\/p>\n","protected":false},"excerpt":{"rendered":"<p>ESTUDIOS DE IMPACTO Procedimiento t\u00e9cnico-administrativo que sirve para identificar, evaluar y describir los impactos ambientales que producir\u00e1 un proyecto en su entorno en caso de ser ejecutado, todo ello con el fin de que la administraci\u00f3n competente pueda aceptarlo, rechazarlo o modificarlo. INVENTARIOS Un buen inventario ambiental debe mostrar de forma comprensible las caracter\u00edsticas del [&hellip;]<\/p>\n","protected":false},"author":1,"featured_media":0,"parent":0,"menu_order":0,"comment_status":"closed","ping_status":"closed","template":"","meta":{"_et_pb_use_builder":"on","_et_pb_old_content":"","_et_gb_content_width":"","footnotes":""},"class_list":["post-60","page","type-page","status-publish","hentry"],"yoast_head":"<!-- This site is optimized with the Yoast SEO plugin v27.4 - https:\/\/yoast.com\/product\/yoast-seo-wordpress\/ -->\n<title>Servicios - Portulano<\/title>\n<meta name=\"description\" content=\"Empresa de consultor\u00eda y auditor\u00eda ambiental\" \/>\n<meta name=\"robots\" content=\"index, follow, max-snippet:-1, max-image-preview:large, max-video-preview:-1\" \/>\n<link rel=\"canonical\" href=\"https:\/\/portulano.net\/?page_id=60\" \/>\n<meta property=\"og:locale\" content=\"es_ES\" \/>\n<meta property=\"og:type\" content=\"article\" \/>\n<meta property=\"og:title\" content=\"Servicios - Portulano\" \/>\n<meta property=\"og:description\" content=\"Empresa de consultor\u00eda y auditor\u00eda ambiental\" \/>\n<meta property=\"og:url\" content=\"https:\/\/portulano.net\/?page_id=60\" \/>\n<meta property=\"og:site_name\" content=\"Portulano\" \/>\n<meta property=\"article:modified_time\" content=\"2021-05-04T10:25:53+00:00\" \/>\n<meta name=\"twitter:card\" content=\"summary_large_image\" \/>\n<meta name=\"twitter:label1\" content=\"Tiempo de lectura\" \/>\n\t<meta name=\"twitter:data1\" content=\"6 minutos\" \/>\n<script type=\"application\/ld+json\" class=\"yoast-schema-graph\">{\"@context\":\"https:\\\/\\\/schema.org\",\"@graph\":[{\"@type\":\"WebPage\",\"@id\":\"https:\\\/\\\/portulano.net\\\/?page_id=60\",\"url\":\"https:\\\/\\\/portulano.net\\\/?page_id=60\",\"name\":\"Servicios - Portulano\",\"isPartOf\":{\"@id\":\"https:\\\/\\\/portulano.net\\\/#website\"},\"datePublished\":\"2018-05-12T17:57:17+00:00\",\"dateModified\":\"2021-05-04T10:25:53+00:00\",\"description\":\"Empresa de consultor\u00eda y auditor\u00eda ambiental\",\"breadcrumb\":{\"@id\":\"https:\\\/\\\/portulano.net\\\/?page_id=60#breadcrumb\"},\"inLanguage\":\"es\",\"potentialAction\":[{\"@type\":\"ReadAction\",\"target\":[\"https:\\\/\\\/portulano.net\\\/?page_id=60\"]}]},{\"@type\":\"BreadcrumbList\",\"@id\":\"https:\\\/\\\/portulano.net\\\/?page_id=60#breadcrumb\",\"itemListElement\":[{\"@type\":\"ListItem\",\"position\":1,\"name\":\"Portada\",\"item\":\"https:\\\/\\\/portulano.net\\\/\"},{\"@type\":\"ListItem\",\"position\":2,\"name\":\"Servicios\"}]},{\"@type\":\"WebSite\",\"@id\":\"https:\\\/\\\/portulano.net\\\/#website\",\"url\":\"https:\\\/\\\/portulano.net\\\/\",\"name\":\"Portulano Medioambiente\",\"description\":\"Empresa de consultor\u00eda y auditor\u00eda ambiental\",\"publisher\":{\"@id\":\"https:\\\/\\\/portulano.net\\\/#organization\"},\"potentialAction\":[{\"@type\":\"SearchAction\",\"target\":{\"@type\":\"EntryPoint\",\"urlTemplate\":\"https:\\\/\\\/portulano.net\\\/?s={search_term_string}\"},\"query-input\":{\"@type\":\"PropertyValueSpecification\",\"valueRequired\":true,\"valueName\":\"search_term_string\"}}],\"inLanguage\":\"es\"},{\"@type\":\"Organization\",\"@id\":\"https:\\\/\\\/portulano.net\\\/#organization\",\"name\":\"PORTULANO MEDIOAMBIENTE\",\"url\":\"https:\\\/\\\/portulano.net\\\/\",\"logo\":{\"@type\":\"ImageObject\",\"inLanguage\":\"es\",\"@id\":\"https:\\\/\\\/portulano.net\\\/#\\\/schema\\\/logo\\\/image\\\/\",\"url\":\"https:\\\/\\\/portulano.net\\\/wp-content\\\/uploads\\\/2018\\\/05\\\/512.png\",\"contentUrl\":\"https:\\\/\\\/portulano.net\\\/wp-content\\\/uploads\\\/2018\\\/05\\\/512.png\",\"width\":512,\"height\":512,\"caption\":\"PORTULANO MEDIOAMBIENTE\"},\"image\":{\"@id\":\"https:\\\/\\\/portulano.net\\\/#\\\/schema\\\/logo\\\/image\\\/\"}}]}<\/script>\n<!-- \/ Yoast SEO plugin. -->","yoast_head_json":{"title":"Servicios - Portulano","description":"Empresa de consultor\u00eda y auditor\u00eda ambiental","robots":{"index":"index","follow":"follow","max-snippet":"max-snippet:-1","max-image-preview":"max-image-preview:large","max-video-preview":"max-video-preview:-1"},"canonical":"https:\/\/portulano.net\/?page_id=60","og_locale":"es_ES","og_type":"article","og_title":"Servicios - Portulano","og_description":"Empresa de consultor\u00eda y auditor\u00eda ambiental","og_url":"https:\/\/portulano.net\/?page_id=60","og_site_name":"Portulano","article_modified_time":"2021-05-04T10:25:53+00:00","twitter_card":"summary_large_image","twitter_misc":{"Tiempo de lectura":"6 minutos"},"schema":{"@context":"https:\/\/schema.org","@graph":[{"@type":"WebPage","@id":"https:\/\/portulano.net\/?page_id=60","url":"https:\/\/portulano.net\/?page_id=60","name":"Servicios - Portulano","isPartOf":{"@id":"https:\/\/portulano.net\/#website"},"datePublished":"2018-05-12T17:57:17+00:00","dateModified":"2021-05-04T10:25:53+00:00","description":"Empresa de consultor\u00eda y auditor\u00eda ambiental","breadcrumb":{"@id":"https:\/\/portulano.net\/?page_id=60#breadcrumb"},"inLanguage":"es","potentialAction":[{"@type":"ReadAction","target":["https:\/\/portulano.net\/?page_id=60"]}]},{"@type":"BreadcrumbList","@id":"https:\/\/portulano.net\/?page_id=60#breadcrumb","itemListElement":[{"@type":"ListItem","position":1,"name":"Portada","item":"https:\/\/portulano.net\/"},{"@type":"ListItem","position":2,"name":"Servicios"}]},{"@type":"WebSite","@id":"https:\/\/portulano.net\/#website","url":"https:\/\/portulano.net\/","name":"Portulano Medioambiente","description":"Empresa de consultor\u00eda y auditor\u00eda ambiental","publisher":{"@id":"https:\/\/portulano.net\/#organization"},"potentialAction":[{"@type":"SearchAction","target":{"@type":"EntryPoint","urlTemplate":"https:\/\/portulano.net\/?s={search_term_string}"},"query-input":{"@type":"PropertyValueSpecification","valueRequired":true,"valueName":"search_term_string"}}],"inLanguage":"es"},{"@type":"Organization","@id":"https:\/\/portulano.net\/#organization","name":"PORTULANO MEDIOAMBIENTE","url":"https:\/\/portulano.net\/","logo":{"@type":"ImageObject","inLanguage":"es","@id":"https:\/\/portulano.net\/#\/schema\/logo\/image\/","url":"https:\/\/portulano.net\/wp-content\/uploads\/2018\/05\/512.png","contentUrl":"https:\/\/portulano.net\/wp-content\/uploads\/2018\/05\/512.png","width":512,"height":512,"caption":"PORTULANO MEDIOAMBIENTE"},"image":{"@id":"https:\/\/portulano.net\/#\/schema\/logo\/image\/"}}]}},"_links":{"self":[{"href":"https:\/\/portulano.net\/index.php?rest_route=\/wp\/v2\/pages\/60","targetHints":{"allow":["GET"]}}],"collection":[{"href":"https:\/\/portulano.net\/index.php?rest_route=\/wp\/v2\/pages"}],"about":[{"href":"https:\/\/portulano.net\/index.php?rest_route=\/wp\/v2\/types\/page"}],"author":[{"embeddable":true,"href":"https:\/\/portulano.net\/index.php?rest_route=\/wp\/v2\/users\/1"}],"replies":[{"embeddable":true,"href":"https:\/\/portulano.net\/index.php?rest_route=%2Fwp%2Fv2%2Fcomments&post=60"}],"version-history":[{"count":62,"href":"https:\/\/portulano.net\/index.php?rest_route=\/wp\/v2\/pages\/60\/revisions"}],"predecessor-version":[{"id":1103,"href":"https:\/\/portulano.net\/index.php?rest_route=\/wp\/v2\/pages\/60\/revisions\/1103"}],"wp:attachment":[{"href":"https:\/\/portulano.net\/index.php?rest_route=%2Fwp%2Fv2%2Fmedia&parent=60"}],"curies":[{"name":"wp","href":"https:\/\/api.w.org\/{rel}","templated":true}]}}